{"id":3459,"date":"2025-09-15T15:53:57","date_gmt":"2025-09-15T12:53:57","guid":{"rendered":"https:\/\/kokolisrentacar.com\/terms-conditions\/"},"modified":"2026-03-26T10:58:09","modified_gmt":"2026-03-26T07:58:09","slug":"termini-e-condizioni","status":"publish","type":"page","link":"https:\/\/kokolisrentacar.com\/it\/termini-e-condizioni\/","title":{"rendered":"Termini e condizioni"},"content":{"rendered":"<div class=\"gocars-terms-wrap\" \n    data-domain=\"kefaloniacar\"\n    data-shortcode_type=\"terms\" \n    id=\"gocars_terms-2252\" \n    data-id=\"2252\">\n    <div class=\"flex flex-col text-sm pb-25\"><article class=\"text-token-text-primary w-full focus:outline-none [--shadow-height:45px] has-data-writing-block:pointer-events-none has-data-writing-block:-mt-(--shadow-height) has-data-writing-block:pt-(--shadow-height) [&amp;:has([data-writing-block])&gt;*]:pointer-events-auto scroll-mt-[calc(var(--header-height)+min(200px,max(70px,20svh)))]\" dir=\"auto\" tabindex=\"-1\" data-turn-id=\"969bb5cf-a2a3-4276-8ae4-408aa5706709\" data-testid=\"conversation-turn-4\" data-scroll-anchor=\"true\" data-turn=\"assistant\"><div class=\"text-base my-auto mx-auto pb-10 [--thread-content-margin:--spacing(4)] @w-sm\/main:[--thread-content-margin:--spacing(6)] @w-lg\/main:[--thread-content-margin:--spacing(16)] px-(--thread-content-margin)\"><div class=\"[--thread-content-max-width:40rem] @w-lg\/main:[--thread-content-max-width:48rem] mx-auto max-w-(--thread-content-max-width) flex-1 group\/turn-messages focus-visible:outline-hidden relative flex w-full min-w-0 flex-col agent-turn\" tabindex=\"-1\"><div class=\"flex max-w-full flex-col grow\"><div class=\"min-h-8 text-message relative flex w-full flex-col items-end gap-2 text-start break-words whitespace-normal [.text-message+&amp;]:mt-1\" dir=\"auto\" data-message-author-role=\"assistant\" data-message-id=\"f5eb3f71-f58f-4a31-8813-429219cba4bf\" data-message-model-slug=\"gpt-5-2\"><div class=\"flex w-full flex-col gap-1 empty:hidden first:pt-[1px]\"><div class=\"markdown prose dark:prose-invert w-full break-words dark markdown-new-styling\"><h3 data-start=\"0\" data-end=\"17\">Dove trovarci<\/h3><p data-start=\"18\" data-end=\"60\">Lassi Argostoli, Kefalonia 28100, Grecia<\/p><p data-start=\"62\" data-end=\"233\"><strong>Aeroporto di Kefalonia<\/strong><br data-start=\"84\" data-end=\"87\" \/> All\u2019arrivo in aeroporto, si prega di uscire dai cancelli principali; sulla sinistra troverete il nostro ufficio <strong data-start=\"199\" data-end=\"233\">KOKOLIS.COM | KEFALONIACAR.COM<\/strong><\/p><h3 data-start=\"235\" data-end=\"257\">Et\u00e0 del conducente<\/h3><p data-start=\"258\" data-end=\"443\">L\u2019et\u00e0 minima del conducente \u00e8 <strong data-start=\"288\" data-end=\"299\">23 anni<\/strong> per le categorie economy, \u0391, \u0392 e <strong data-start=\"333\" data-end=\"344\">25 anni<\/strong> per tutte le altre categorie. \u00c8 richiesta una <strong data-start=\"391\" data-end=\"443\">patente di guida con almeno 3 anni di anzianit\u00e0.<\/strong><\/p><h3 data-start=\"445\" data-end=\"465\">Patente di guida<\/h3><p data-start=\"466\" data-end=\"698\">Il conducente deve essere in possesso di una patente di guida rilasciata da almeno <strong data-start=\"549\" data-end=\"559\">3 anni<\/strong> e valida in Grecia. Per le patenti rilasciate da Paesi non membri dell\u2019Unione Europea \u00e8 richiesta una <strong data-start=\"662\" data-end=\"698\">patente di guida internazionale.<\/strong><\/p><h3 data-start=\"700\" data-end=\"731\">Infrazioni stradali \u2013 Multe<\/h3><p data-start=\"732\" data-end=\"901\">Tutte le multe per parcheggio illegale e le violazioni del codice della strada che possono verificarsi durante il periodo di noleggio sono <strong data-start=\"871\" data-end=\"901\">a carico del noleggiatore.<\/strong><\/p><h3 data-start=\"903\" data-end=\"925\">IVA \u2013 Tassa locale<\/h3><p data-start=\"926\" data-end=\"1034\">Si tratta di una tassa applicata dal governo sul noleggio auto pari al <strong data-start=\"997\" data-end=\"1004\">24%<\/strong>, ed \u00e8 <strong data-start=\"1011\" data-end=\"1034\">inclusa nel prezzo.<\/strong><\/p><h3 data-start=\"1036\" data-end=\"1061\">Politica di pagamento<\/h3><p data-start=\"1062\" data-end=\"1299\">\u00c8 richiesto il <strong data-start=\"1077\" data-end=\"1139\">pagamento anticipato totale al momento della prenotazione.<\/strong> Non modificabile e non rimborsabile.<br data-start=\"1176\" data-end=\"1179\" \/> Avviso importante: al momento della prenotazione, l\u2019intero importo del noleggio verr\u00e0 addebitato sulla carta di credito.<\/p><h3 data-start=\"1301\" data-end=\"1318\">Assicurazione<\/h3><p data-start=\"1319\" data-end=\"1359\">I prezzi includono le seguenti coperture<\/p><p data-start=\"1361\" data-end=\"1710\"><strong data-start=\"1361\" data-end=\"1395\">Collision Damage Waiver (CDW):<\/strong><br data-start=\"1395\" data-end=\"1398\" \/> La responsabilit\u00e0 per i danni causati al veicolo a noleggio viene limitata in caso di collisione. La copertura \u00e8 soggetta a un importo massimo e spesso esclude vetri (finestrini ecc.), pneumatici ed eventuale traino. La franchigia parte da <strong data-start=\"1638\" data-end=\"1650\">500 euro<\/strong> per i gruppi A, B, C e <strong data-start=\"1674\" data-end=\"1686\">900 euro<\/strong> per i gruppi G1, G2, H.<\/p><p data-start=\"1712\" data-end=\"1931\"><strong data-start=\"1712\" data-end=\"1753\">Smart Collision Damage Waiver (SCDW):<\/strong><br data-start=\"1753\" data-end=\"1756\" \/> La franchigia sar\u00e0 di <strong data-start=\"1778\" data-end=\"1790\">300 euro<\/strong> se l\u2019ospite paga <strong data-start=\"1808\" data-end=\"1829\">10 euro al giorno<\/strong> per i gruppi A, B, C e di <strong data-start=\"1856\" data-end=\"1868\">700 euro<\/strong> se l\u2019ospite paga <strong data-start=\"1886\" data-end=\"1907\">10 euro al giorno<\/strong> per i gruppi G1, G2, H.<\/p><p data-start=\"1933\" data-end=\"2148\"><strong data-start=\"1933\" data-end=\"1973\">Premium Zero Excess Coverage (PCDW):<\/strong><br data-start=\"1973\" data-end=\"1976\" \/> La franchigia sar\u00e0 <strong data-start=\"1995\" data-end=\"2003\">zero<\/strong> se l\u2019ospite paga <strong data-start=\"2021\" data-end=\"2043\">15 euro al giorno.<\/strong> Non sono coperti il sottoscocca, gli pneumatici, le ruote e la perdita o il danneggiamento della chiave.<\/p><h3 data-start=\"2150\" data-end=\"2174\">Copertura Furto Auto<\/h3><p data-start=\"2175\" data-end=\"2235\">Collision Damage Waiver con assicurazione furto e incendio<\/p><p data-start=\"2237\" data-end=\"2361\">Copre inoltre:<br data-start=\"2251\" data-end=\"2254\" \/> Per morte o lesioni a terzi fino a <strong data-start=\"2289\" data-end=\"2306\">500.000 euro.<\/strong><br data-start=\"2306\" data-end=\"2309\" \/> Per danni materiali a terzi fino a <strong data-start=\"2344\" data-end=\"2361\">100.000 euro.<\/strong><\/p><p data-start=\"2363\" data-end=\"2788\">L\u2019assicurazione non \u00e8 valida ed \u00e8 responsabilit\u00e0 del noleggiatore quando:<br data-start=\"2436\" data-end=\"2439\" \/> Il conducente \u00e8 sotto l\u2019influenza di alcol o droghe.<br data-start=\"2491\" data-end=\"2494\" \/> L\u2019auto viene guidata su strade non asfaltate (i veicoli 4x4 sono esclusi).<br data-start=\"2568\" data-end=\"2571\" \/> Il conducente supera i limiti di velocit\u00e0.<br data-start=\"2613\" data-end=\"2616\" \/> L\u2019auto viene guidata da una persona non indicata nel contratto di noleggio.<br data-start=\"2691\" data-end=\"2694\" \/> Il conducente non restituisce l\u2019auto alla data e all\u2019ora concordate nel contratto di noleggio.<\/p><h3 data-start=\"2790\" data-end=\"2815\">Supplemento Aeroporto<\/h3><p data-start=\"2816\" data-end=\"2843\"><strong data-start=\"2816\" data-end=\"2843\">Nessun costo applicato.<\/strong><\/p><h3 data-start=\"2845\" data-end=\"2874\">Chilometraggio Illimitato<\/h3><p data-start=\"2875\" data-end=\"2935\">Il chilometraggio illimitato \u00e8 incluso nelle nostre tariffe.<\/p><h3 data-start=\"2937\" data-end=\"2958\">Assistenza Guasti<\/h3><p data-start=\"2959\" data-end=\"3058\">Offriamo assistenza in caso di guasto a Kefalonia. Le auto non sono autorizzate a lasciare l\u2019isola.<\/p><h3 data-start=\"3060\" data-end=\"3105\">Smarrimento o danneggiamento della chiave<\/h3><p data-start=\"3106\" data-end=\"3231\">In caso di smarrimento o danneggiamento della chiave dell\u2019auto durante il noleggio, il noleggiatore \u00e8 responsabile dei costi.<\/p><h3 data-start=\"3233\" data-end=\"3262\">Politica di cancellazione<\/h3><p data-start=\"3263\" data-end=\"3442\" data-is-last-node=\"\" data-is-only-node=\"\">Cancellazione <strong data-start=\"3277\" data-end=\"3317\">60 giorni prima della data di ritiro<\/strong> con trattenuta del <strong data-start=\"3337\" data-end=\"3385\">100% dell\u2019importo totale della prenotazione.<\/strong> Dopo i 60 giorni l\u2019importo diventa <strong data-start=\"3421\" data-end=\"3442\" data-is-last-node=\"\">non rimborsabile.<\/strong><\/p><\/div><\/div><\/div><\/div><div class=\"z-0 flex min-h-[46px] justify-start\">\u00a0<\/div><div class=\"mt-3 w-full empty:hidden\">\u00a0<\/div><\/div><\/div><\/article><\/div><div class=\"pointer-events-none h-px w-px absolute bottom-0\" data-edge=\"true\">\u00a0<\/div><\/div>\n\n","protected":false},"excerpt":{"rendered":"","protected":false},"author":1,"featured_media":0,"parent":0,"menu_order":19,"comment_status":"closed","ping_status":"closed","template":"template-terms.php","meta":{"_acf_changed":false,"inline_featured_image":false,"footnotes":""},"class_list":["post-3459","page","type-page","status-publish","hentry"],"acf":[],"_links":{"self":[{"href":"https:\/\/kokolisrentacar.com\/it\/wp-json\/wp\/v2\/pages\/3459","targetHints":{"allow":["GET"]}}],"collection":[{"href":"https:\/\/kokolisrentacar.com\/it\/wp-json\/wp\/v2\/pages"}],"about":[{"href":"https:\/\/kokolisrentacar.com\/it\/wp-json\/wp\/v2\/types\/page"}],"author":[{"embeddable":true,"href":"https:\/\/kokolisrentacar.com\/it\/wp-json\/wp\/v2\/users\/1"}],"replies":[{"embeddable":true,"href":"https:\/\/kokolisrentacar.com\/it\/wp-json\/wp\/v2\/comments?post=3459"}],"version-history":[{"count":2,"href":"https:\/\/kokolisrentacar.com\/it\/wp-json\/wp\/v2\/pages\/3459\/revisions"}],"predecessor-version":[{"id":3533,"href":"https:\/\/kokolisrentacar.com\/it\/wp-json\/wp\/v2\/pages\/3459\/revisions\/3533"}],"wp:attachment":[{"href":"https:\/\/kokolisrentacar.com\/it\/wp-json\/wp\/v2\/media?parent=3459"}],"curies":[{"name":"wp","href":"https:\/\/api.w.org\/{rel}","templated":true}]}}